{"id":5884,"date":"2023-03-04T13:43:23","date_gmt":"2023-03-04T12:43:23","guid":{"rendered":"https:\/\/lafac-academy.com\/?post_type=product&#038;p=5884"},"modified":"2023-03-04T15:09:06","modified_gmt":"2023-03-04T14:09:06","slug":"methode-odaser-mensuel","status":"publish","type":"product","link":"https:\/\/lafac-academy.com\/index.php\/produit\/methode-odaser-mensuel\/","title":{"rendered":"M\u00e9thode Odaser Mensuel"},"content":{"rendered":"<ul>\n<li><span class=\"S1PPyQ\">Un parcours de formation personnalis\u00e9<\/span><\/li>\n<li><span class=\"S1PPyQ\">Un mentor<\/span><\/li>\n<li><span class=\"S1PPyQ\">Des coachings de groupe<\/span><\/li>\n<li><span class=\"S1PPyQ\">Groupe priv\u00e9 Business&#8217;Talk<\/span><\/li>\n<li><span class=\"S1PPyQ\">Acc\u00e8s coworking<\/span><\/li>\n<li><span class=\"S1PPyQ\">Workbook<\/span><\/li>\n<li><span class=\"S1PPyQ\">Challenge<\/span><\/li>\n<li><span class=\"S1PPyQ\">Recommandations de lecture<\/span><\/li>\n<li><span class=\"S1PPyQ\">\u00c9v\u00e8nements<\/span><\/li>\n<\/ul>\n","protected":false},"excerpt":{"rendered":"<p>En rejoignant la M\u00e9thode Bisoutage vous pourrez b\u00e9n\u00e9ficier :<\/p>\n<ul>\n<li><span class=\"S1PPyQ\">Un parcours de formation personnalis\u00e9<\/span><\/li>\n<li><span class=\"S1PPyQ\">Un mentor<\/span><\/li>\n<li><span class=\"S1PPyQ\">Des coachings de groupe<\/span><\/li>\n<li><span class=\"S1PPyQ\">Groupe priv\u00e9 Business&#8217;Talk<\/span><\/li>\n<li><span class=\"S1PPyQ\">Acc\u00e8s coworking<\/span><\/li>\n<li><span class=\"S1PPyQ\">Workbook<\/span><\/li>\n<li><span class=\"S1PPyQ\">Challenge<\/span><\/li>\n<li><span class=\"S1PPyQ\">Recommandations de lecture<\/span><\/li>\n<li><span class=\"S1PPyQ\">\u00c9v\u00e8nements<\/span><\/li>\n<\/ul>\n<p>Et une remise de <strong>-50 %<\/strong> sur tous nos autres produits<\/p>\n<p>&nbsp;<\/p>\n<p>&nbsp;<\/p>\n","protected":false},"featured_media":3518,"comment_status":"open","ping_status":"closed","template":"","meta":{"om_disable_all_campaigns":false,"_monsterinsights_skip_tracking":false,"_monsterinsights_sitenote_active":false,"_monsterinsights_sitenote_note":"","_monsterinsights_sitenote_category":0,"_uf_show_specific_survey":0,"_uf_disable_surveys":false},"product_brand":[],"product_cat":[43,42],"product_tag":[],"class_list":{"0":"post-5884","1":"product","2":"type-product","3":"status-publish","4":"has-post-thumbnail","6":"product_cat-abonnement","7":"product_cat-abonnement-premium","9":"first","10":"instock","11":"shipping-taxable","12":"purchasable","13":"product-type-simple"},"aioseo_notices":[],"jetpack_sharing_enabled":true,"_links":{"self":[{"href":"https:\/\/lafac-academy.com\/index.php\/wp-json\/wp\/v2\/product\/5884","targetHints":{"allow":["GET"]}}],"collection":[{"href":"https:\/\/lafac-academy.com\/index.php\/wp-json\/wp\/v2\/product"}],"about":[{"href":"https:\/\/lafac-academy.com\/index.php\/wp-json\/wp\/v2\/types\/product"}],"replies":[{"embeddable":true,"href":"https:\/\/lafac-academy.com\/index.php\/wp-json\/wp\/v2\/comments?post=5884"}],"wp:featuredmedia":[{"embeddable":true,"href":"https:\/\/lafac-academy.com\/index.php\/wp-json\/wp\/v2\/media\/3518"}],"wp:attachment":[{"href":"https:\/\/lafac-academy.com\/index.php\/wp-json\/wp\/v2\/media?parent=5884"}],"wp:term":[{"taxonomy":"product_brand","embeddable":true,"href":"https:\/\/lafac-academy.com\/index.php\/wp-json\/wp\/v2\/product_brand?post=5884"},{"taxonomy":"product_cat","embeddable":true,"href":"https:\/\/lafac-academy.com\/index.php\/wp-json\/wp\/v2\/product_cat?post=5884"},{"taxonomy":"product_tag","embeddable":true,"href":"https:\/\/lafac-academy.com\/index.php\/wp-json\/wp\/v2\/product_tag?post=5884"}],"curies":[{"name":"wp","href":"https:\/\/api.w.org\/{rel}","templated":true}]}}