{"id":3861,"date":"2023-01-10T15:33:39","date_gmt":"2023-01-10T14:33:39","guid":{"rendered":"https:\/\/lafac-academy.com\/?post_type=product&#038;p=3861"},"modified":"2023-01-10T16:17:04","modified_gmt":"2023-01-10T15:17:04","slug":"seance-de-coaching-avec-emmanuelle-premium","status":"publish","type":"product","link":"https:\/\/lafac-academy.com\/index.php\/produit\/seance-de-coaching-avec-emmanuelle-premium\/","title":{"rendered":"S\u00e9ance de coaching avec Emmanuelle (premium)"},"content":{"rendered":"<p>Une s\u00e9ance de coaching de <strong>1h<\/strong> avec notre formatrice Emmanuelle.<\/p>\n<p>La premi\u00e8re s\u00e9ance est gratuite<\/p>\n<p>UNIQUEMENT pour nos abonn\u00e9s premium.<\/p>\n","protected":false},"excerpt":{"rendered":"<p>Une s\u00e9ance de coaching de <strong>1h<\/strong> avec notre formatrice Emmanuelle<\/p>\n<p>Uniquement pour nos abonn\u00e9s premium.<\/p>\n<p>La premi\u00e8re s\u00e9ance est gratuite uniquement pour nos abonn\u00e9s premium.<\/p>\n","protected":false},"featured_media":1835,"comment_status":"open","ping_status":"closed","template":"","meta":{"om_disable_all_campaigns":false,"_monsterinsights_skip_tracking":false,"_monsterinsights_sitenote_active":false,"_monsterinsights_sitenote_note":"","_monsterinsights_sitenote_category":0,"_uf_show_specific_survey":0,"_uf_disable_surveys":false},"product_brand":[],"product_cat":[42,36],"product_tag":[41,38,40,28,29],"class_list":{"0":"post-3861","1":"product","2":"type-product","3":"status-publish","4":"has-post-thumbnail","6":"product_cat-abonnement-premium","7":"product_cat-coaching","8":"product_tag-amelioration","9":"product_tag-coaching","10":"product_tag-emmanuelle","11":"product_tag-frmt","12":"product_tag-prsnl","14":"first","15":"instock","16":"sold-individually","17":"shipping-taxable","18":"purchasable","19":"product-type-booking"},"aioseo_notices":[],"jetpack_sharing_enabled":true,"_links":{"self":[{"href":"https:\/\/lafac-academy.com\/index.php\/wp-json\/wp\/v2\/product\/3861","targetHints":{"allow":["GET"]}}],"collection":[{"href":"https:\/\/lafac-academy.com\/index.php\/wp-json\/wp\/v2\/product"}],"about":[{"href":"https:\/\/lafac-academy.com\/index.php\/wp-json\/wp\/v2\/types\/product"}],"replies":[{"embeddable":true,"href":"https:\/\/lafac-academy.com\/index.php\/wp-json\/wp\/v2\/comments?post=3861"}],"wp:featuredmedia":[{"embeddable":true,"href":"https:\/\/lafac-academy.com\/index.php\/wp-json\/wp\/v2\/media\/1835"}],"wp:attachment":[{"href":"https:\/\/lafac-academy.com\/index.php\/wp-json\/wp\/v2\/media?parent=3861"}],"wp:term":[{"taxonomy":"product_brand","embeddable":true,"href":"https:\/\/lafac-academy.com\/index.php\/wp-json\/wp\/v2\/product_brand?post=3861"},{"taxonomy":"product_cat","embeddable":true,"href":"https:\/\/lafac-academy.com\/index.php\/wp-json\/wp\/v2\/product_cat?post=3861"},{"taxonomy":"product_tag","embeddable":true,"href":"https:\/\/lafac-academy.com\/index.php\/wp-json\/wp\/v2\/product_tag?post=3861"}],"curies":[{"name":"wp","href":"https:\/\/api.w.org\/{rel}","templated":true}]}}