{"id":3085,"date":"2023-01-05T15:09:48","date_gmt":"2023-01-05T14:09:48","guid":{"rendered":"https:\/\/lafac-academy.com\/?post_type=product&#038;p=3085"},"modified":"2023-05-12T03:42:56","modified_gmt":"2023-05-12T01:42:56","slug":"seance-de-coaching-avec-emmanuelle","status":"publish","type":"product","link":"https:\/\/lafac-academy.com\/index.php\/produit\/seance-de-coaching-avec-emmanuelle\/","title":{"rendered":"S\u00e9ance de coaching avec Emmanuelle"},"content":{"rendered":"","protected":false},"excerpt":{"rendered":"<p class=\"has-text-align-left\">Bonjour, je suis Emmanuelle Valluet, 27 ans.<\/p>\n<p class=\"has-text-align-left\">\u00c0 l\u2019\u00e2ge de 18 ans, j\u2019ai eu la chance de partir au Canada poursuivre mes \u00e9tudes.<\/p>\n<p class=\"has-text-align-left\">La premi\u00e8re ann\u00e9e au Canada a \u00e9t\u00e9 remplie d\u2019apprentissage, car j\u2019\u00e9tais partie pour \u00e9tudier et finalement, j\u2019y ai fait une ann\u00e9e sabbatique.<\/p>\n<p class=\"has-text-align-left\">J\u2019ai poursuivi avec un Dipl\u00f4me d\u2019\u00c9tudes Coll\u00e9giales (DEC) en gestion de commerce, puis un Bachelor Commercial (<a href=\"http:\/\/b.com\/\" target=\"_blank\" rel=\"noreferrer noopener\">B.com<\/a>) en gestion internationale et j\u2019ai fini par un Dipl\u00f4me d\u2019\u00c9tudes Sup\u00e9rieures Sp\u00e9cialis\u00e9es (DESS) en management.<\/p>\n<p class=\"has-text-align-left\">Ces 9 derni\u00e8res ann\u00e9es pass\u00e9es \u00e0 l\u2019\u00e9tranger m\u2019ont permis de d\u00e9velopper mon empathie et mon ouverture d\u2019esprit.<\/p>\n<p class=\"has-text-align-left\">Au quotidien, j\u2019aime lire et m\u2019adonner aux travaux manuels.<\/p>\n<p>Une s\u00e9ance de coaching de <strong>1h<\/strong> avec notre formatrice Emmanuelle.<\/p>\n","protected":false},"featured_media":2033,"comment_status":"open","ping_status":"closed","template":"","meta":{"om_disable_all_campaigns":false,"_monsterinsights_skip_tracking":false,"_monsterinsights_sitenote_active":false,"_monsterinsights_sitenote_note":"","_monsterinsights_sitenote_category":0,"_uf_show_specific_survey":0,"_uf_disable_surveys":false},"product_brand":[],"product_cat":[36],"product_tag":[41,38,40,28,29],"class_list":{"0":"post-3085","1":"product","2":"type-product","3":"status-publish","4":"has-post-thumbnail","6":"product_cat-coaching","7":"product_tag-amelioration","8":"product_tag-coaching","9":"product_tag-emmanuelle","10":"product_tag-frmt","11":"product_tag-prsnl","13":"first","14":"instock","15":"sold-individually","16":"shipping-taxable","17":"purchasable","18":"product-type-booking"},"aioseo_notices":[],"jetpack_sharing_enabled":true,"_links":{"self":[{"href":"https:\/\/lafac-academy.com\/index.php\/wp-json\/wp\/v2\/product\/3085","targetHints":{"allow":["GET"]}}],"collection":[{"href":"https:\/\/lafac-academy.com\/index.php\/wp-json\/wp\/v2\/product"}],"about":[{"href":"https:\/\/lafac-academy.com\/index.php\/wp-json\/wp\/v2\/types\/product"}],"replies":[{"embeddable":true,"href":"https:\/\/lafac-academy.com\/index.php\/wp-json\/wp\/v2\/comments?post=3085"}],"wp:featuredmedia":[{"embeddable":true,"href":"https:\/\/lafac-academy.com\/index.php\/wp-json\/wp\/v2\/media\/2033"}],"wp:attachment":[{"href":"https:\/\/lafac-academy.com\/index.php\/wp-json\/wp\/v2\/media?parent=3085"}],"wp:term":[{"taxonomy":"product_brand","embeddable":true,"href":"https:\/\/lafac-academy.com\/index.php\/wp-json\/wp\/v2\/product_brand?post=3085"},{"taxonomy":"product_cat","embeddable":true,"href":"https:\/\/lafac-academy.com\/index.php\/wp-json\/wp\/v2\/product_cat?post=3085"},{"taxonomy":"product_tag","embeddable":true,"href":"https:\/\/lafac-academy.com\/index.php\/wp-json\/wp\/v2\/product_tag?post=3085"}],"curies":[{"name":"wp","href":"https:\/\/api.w.org\/{rel}","templated":true}]}}