{"id":3024,"date":"2023-01-05T14:52:22","date_gmt":"2023-01-05T13:52:22","guid":{"rendered":"https:\/\/lafac-academy.com\/?post_type=product&#038;p=3024"},"modified":"2023-05-12T03:51:30","modified_gmt":"2023-05-12T01:51:30","slug":"seance-de-coaching-taina","status":"publish","type":"product","link":"https:\/\/lafac-academy.com\/index.php\/produit\/seance-de-coaching-taina\/","title":{"rendered":"S\u00e9ance de Coaching avec Taina"},"content":{"rendered":"","protected":false},"excerpt":{"rendered":"<p>Ce qui me d\u00e9finit, c\u2019est mon parcours scolaire assez pluridisciplinaire, Titulaire d\u2019un BTS Management des unit\u00e9s commerciales et d\u2019une Licence Commerce Vente Marketing, je suis aujourd\u2019hui dipl\u00f4m\u00e9e d\u2019un master marketing et\u00a0communication\u00a0.<\/p>\n<p>&nbsp;<\/p>\n<p>Ayant toujours eu un attrait pour le d\u00e9veloppement humain, j\u2019ai d\u00e9cid\u00e9 de poursuivre vers une double professionnalisation en psychologie ou j\u2019effectue actuellement une troisi\u00e8me ann\u00e9e de Licence.\u00a0Je suis une personne cr\u00e9ative, empathique et ouverte d\u2019esprit.<\/p>\n<p>&nbsp;<\/p>\n<p>J\u2019ai une passion d\u00e9vorante pour la lecture, je peux litt\u00e9ralement passer des heures \u00e0 lire. Un peu artiste dans l\u2019\u00e2me, j\u2019aime aussi le dessin et l\u2019\u00e9criture.<\/p>\n<p>Une s\u00e9ance de coaching <strong>de 1h<\/strong>\u00a0avec notre formatrice Taina.<\/p>\n<p>(Hors abonnement)<\/p>\n<p>&nbsp;<\/p>\n","protected":false},"featured_media":4217,"comment_status":"open","ping_status":"closed","template":"","meta":{"om_disable_all_campaigns":false,"_monsterinsights_skip_tracking":false,"_monsterinsights_sitenote_active":false,"_monsterinsights_sitenote_note":"","_monsterinsights_sitenote_category":0,"_uf_show_specific_survey":0,"_uf_disable_surveys":false},"product_brand":[],"product_cat":[36],"product_tag":[38,28,29,39],"class_list":{"0":"post-3024","1":"product","2":"type-product","3":"status-publish","4":"has-post-thumbnail","6":"product_cat-coaching","7":"product_tag-coaching","8":"product_tag-frmt","9":"product_tag-prsnl","10":"product_tag-taina","12":"first","13":"instock","14":"virtual","15":"sold-individually","16":"purchasable","17":"product-type-booking"},"aioseo_notices":[],"jetpack_sharing_enabled":true,"_links":{"self":[{"href":"https:\/\/lafac-academy.com\/index.php\/wp-json\/wp\/v2\/product\/3024","targetHints":{"allow":["GET"]}}],"collection":[{"href":"https:\/\/lafac-academy.com\/index.php\/wp-json\/wp\/v2\/product"}],"about":[{"href":"https:\/\/lafac-academy.com\/index.php\/wp-json\/wp\/v2\/types\/product"}],"replies":[{"embeddable":true,"href":"https:\/\/lafac-academy.com\/index.php\/wp-json\/wp\/v2\/comments?post=3024"}],"wp:featuredmedia":[{"embeddable":true,"href":"https:\/\/lafac-academy.com\/index.php\/wp-json\/wp\/v2\/media\/4217"}],"wp:attachment":[{"href":"https:\/\/lafac-academy.com\/index.php\/wp-json\/wp\/v2\/media?parent=3024"}],"wp:term":[{"taxonomy":"product_brand","embeddable":true,"href":"https:\/\/lafac-academy.com\/index.php\/wp-json\/wp\/v2\/product_brand?post=3024"},{"taxonomy":"product_cat","embeddable":true,"href":"https:\/\/lafac-academy.com\/index.php\/wp-json\/wp\/v2\/product_cat?post=3024"},{"taxonomy":"product_tag","embeddable":true,"href":"https:\/\/lafac-academy.com\/index.php\/wp-json\/wp\/v2\/product_tag?post=3024"}],"curies":[{"name":"wp","href":"https:\/\/api.w.org\/{rel}","templated":true}]}}