{"id":2354,"date":"2023-01-03T17:20:20","date_gmt":"2023-01-03T16:20:20","guid":{"rendered":"https:\/\/lafac-academy.com\/?post_type=product&#038;p=2354"},"modified":"2023-05-12T02:41:34","modified_gmt":"2023-05-12T00:41:34","slug":"coaching-ludm","status":"publish","type":"product","link":"https:\/\/lafac-academy.com\/index.php\/produit\/coaching-ludm\/","title":{"rendered":"S\u00e9ance de coaching avec Ludmilla"},"content":{"rendered":"","protected":false},"excerpt":{"rendered":"<p>Bonjour, je suis Ludmilla BURGO, 33 ans.<\/p>\n<p>Je suis dipl\u00f4m\u00e9e d\u2019un master en ressources humaines, sp\u00e9cialit\u00e9 relations sociales et n\u00e9gociation.<\/p>\n<p>Apr\u00e8s ma premi\u00e8re exp\u00e9rience professionnelle dans l\u2019un des plus gros m\u00e9dias de l\u2019\u00eele, j\u2019ai souhait\u00e9 approfondir mes connaissances sur le comportement et les capacit\u00e9s de l\u2019\u00eatre humain.<\/p>\n<p>Ainsi, en 2017, j\u2019ai fait le choix de passer une certification de coach\u00a0professionnel et d\u2019\u00e9ducatrice sportive.<\/p>\n<p>Il \u00e9tait pour moi essentiel de pouvoir accompagner mes clients dans leur globalit\u00e9, gage d\u2019un meilleur alignement.<\/p>\n<p>Passionn\u00e9e par l\u2019apprentissage du comportement humain, c\u2019est tout naturellement que j\u2019ai choisi de le soutenir dans son souhait d\u2019\u00e9volution.<\/p>\n<p>Gr\u00e2ce \u00e0 mon m\u00e9tier d\u2019enseignante en \u00e9conomie-gestion, option Marketing, la transmission est une fonction noble, que j\u2019ai aussi la chance d\u2019assurer depuis 2019<\/p>\n<p>Une s\u00e9ance de Coaching <strong>de 1h<\/strong> avec notre formatrice Ludmilla.<\/p>\n<p>(Hors abonnement)<\/p>\n","protected":false},"featured_media":2092,"comment_status":"open","ping_status":"closed","template":"","meta":{"om_disable_all_campaigns":false,"_monsterinsights_skip_tracking":false,"_monsterinsights_sitenote_active":false,"_monsterinsights_sitenote_note":"","_monsterinsights_sitenote_category":0,"_uf_show_specific_survey":0,"_uf_disable_surveys":false},"product_brand":[],"product_cat":[36],"product_tag":[38,28,37,29],"class_list":{"0":"post-2354","1":"product","2":"type-product","3":"status-publish","4":"has-post-thumbnail","6":"product_cat-coaching","7":"product_tag-coaching","8":"product_tag-frmt","9":"product_tag-ludmilla","10":"product_tag-prsnl","12":"first","13":"instock","14":"virtual","15":"sold-individually","16":"purchasable","17":"product-type-booking"},"aioseo_notices":[],"jetpack_sharing_enabled":true,"_links":{"self":[{"href":"https:\/\/lafac-academy.com\/index.php\/wp-json\/wp\/v2\/product\/2354","targetHints":{"allow":["GET"]}}],"collection":[{"href":"https:\/\/lafac-academy.com\/index.php\/wp-json\/wp\/v2\/product"}],"about":[{"href":"https:\/\/lafac-academy.com\/index.php\/wp-json\/wp\/v2\/types\/product"}],"replies":[{"embeddable":true,"href":"https:\/\/lafac-academy.com\/index.php\/wp-json\/wp\/v2\/comments?post=2354"}],"wp:featuredmedia":[{"embeddable":true,"href":"https:\/\/lafac-academy.com\/index.php\/wp-json\/wp\/v2\/media\/2092"}],"wp:attachment":[{"href":"https:\/\/lafac-academy.com\/index.php\/wp-json\/wp\/v2\/media?parent=2354"}],"wp:term":[{"taxonomy":"product_brand","embeddable":true,"href":"https:\/\/lafac-academy.com\/index.php\/wp-json\/wp\/v2\/product_brand?post=2354"},{"taxonomy":"product_cat","embeddable":true,"href":"https:\/\/lafac-academy.com\/index.php\/wp-json\/wp\/v2\/product_cat?post=2354"},{"taxonomy":"product_tag","embeddable":true,"href":"https:\/\/lafac-academy.com\/index.php\/wp-json\/wp\/v2\/product_tag?post=2354"}],"curies":[{"name":"wp","href":"https:\/\/api.w.org\/{rel}","templated":true}]}}